{"id":408,"date":"2013-07-31T14:25:13","date_gmt":"2013-07-31T15:55:13","guid":{"rendered":"http:\/\/marisloitmets.com\/kinkekaardid-2\/"},"modified":"2016-04-29T10:21:52","modified_gmt":"2016-04-29T11:51:52","slug":"kinkekaardid","status":"publish","type":"page","link":"http:\/\/marisloitmets.com\/en\/kinkekaardid\/","title":{"rendered":"Kinkekaardid eng"},"content":{"rendered":"\n<p>&nbsp;<\/p>\n<h3><a href=\"http:\/\/marisloitmets.com\/wp-content\/uploads\/2013\/07\/Kingituse-pilt-20131.jpg\"><img loading=\"lazy\" decoding=\"async\" class=\"alignleft size-medium wp-image-271\" src=\"http:\/\/marisloitmets.com\/wp-content\/uploads\/2013\/07\/Kingituse-pilt-20131-200x300.jpg\" alt=\"Kingituse pilt 2013\" width=\"200\" height=\"300\" srcset=\"http:\/\/marisloitmets.com\/wp-content\/uploads\/2013\/07\/Kingituse-pilt-20131-200x300.jpg 200w, http:\/\/marisloitmets.com\/wp-content\/uploads\/2013\/07\/Kingituse-pilt-20131-682x1024.jpg 682w, http:\/\/marisloitmets.com\/wp-content\/uploads\/2013\/07\/Kingituse-pilt-20131-620x930.jpg 620w\" sizes=\"auto, (max-width: 200px) 100vw, 200px\" \/><\/a>Kinkekaardid<\/h3>\n<p>Kinkekaardiga on n\u00e4iteks hea kinkida osalemine keraamikakursusel v\u00f5i valida valmis keraamikat\/portselani oma maitsele.<br \/>\nAlati on v\u00f5imalik valida ka summa v\u00e4\u00e4rtuses portselan ehteid.<\/p>\n<p>Kinkekaardi v\u00e4\u00e4rtuse saab ise m\u00e4\u00e4rata.<br \/>\nKinkekaardi kohta t\u00e4psema info saamiseks kirjuta v\u00f5i helista.<\/p>\n","protected":false},"excerpt":{"rendered":"<p>&nbsp; Kinkekaardid Kinkekaardiga on n\u00e4iteks hea kinkida osalemine keraamikakursusel v\u00f5i valida valmis keraamikat\/portselani oma maitsele. Alati on v\u00f5imalik valida ka summa v\u00e4\u00e4rtuses portselan ehteid. Kinkekaardi v\u00e4\u00e4rtuse saab ise m\u00e4\u00e4rata. Kinkekaardi kohta t\u00e4psema info saamiseks kirjuta v\u00f5i helista.<\/p>\n","protected":false},"author":1,"featured_media":0,"parent":0,"menu_order":0,"comment_status":"closed","ping_status":"closed","template":"","meta":{"footnotes":""},"class_list":["post-408","page","type-page","status-publish","hentry"],"_links":{"self":[{"href":"http:\/\/marisloitmets.com\/en\/wp-json\/wp\/v2\/pages\/408","targetHints":{"allow":["GET"]}}],"collection":[{"href":"http:\/\/marisloitmets.com\/en\/wp-json\/wp\/v2\/pages"}],"about":[{"href":"http:\/\/marisloitmets.com\/en\/wp-json\/wp\/v2\/types\/page"}],"author":[{"embeddable":true,"href":"http:\/\/marisloitmets.com\/en\/wp-json\/wp\/v2\/users\/1"}],"replies":[{"embeddable":true,"href":"http:\/\/marisloitmets.com\/en\/wp-json\/wp\/v2\/comments?post=408"}],"version-history":[{"count":0,"href":"http:\/\/marisloitmets.com\/en\/wp-json\/wp\/v2\/pages\/408\/revisions"}],"wp:attachment":[{"href":"http:\/\/marisloitmets.com\/en\/wp-json\/wp\/v2\/media?parent=408"}],"curies":[{"name":"wp","href":"https:\/\/api.w.org\/{rel}","templated":true}]}}