{"id":404,"date":"2013-07-31T14:45:40","date_gmt":"2013-07-31T16:15:40","guid":{"rendered":"http:\/\/marisloitmets.com\/sunnipaevad-2\/"},"modified":"2016-04-29T10:21:41","modified_gmt":"2016-04-29T11:51:41","slug":"sunnipaevad","status":"publish","type":"page","link":"http:\/\/marisloitmets.com\/en\/sunnipaevad\/","title":{"rendered":"Laste s\u00fcnnip\u00e4evad eng"},"content":{"rendered":"<h3>Laste s\u00fcnnip\u00e4evad<\/h3>\n<p>Oodatud on pisikesed kui ka suuremad lapsed oma s\u00f5pradega. S\u00fcnnip\u00e4eval viime l\u00e4bi v\u00e4ikse meistriklassi, mille k\u00e4igus saab iga\u00fcks meistedada toreda kruusi. (S\u00f6\u00f6gid ja joogid v\u00f5ite ise kaasa v\u00f5tta, vajadusel saab teha v\u00e4ikse peolaua.) T\u00f6\u00f6toas valminud tassid saavad autorid hiljem endale. (Peale \u00fcritust j\u00e4\u00e4vad tassid kuivama, siis p\u00f5letatakse ja glasuuritakse. Kui on valmis saab k\u00e4tte.)<\/p>\n<p>Hind iga osaleja kohta 15 eurot (hind ei sisalda toitu ega s\u00f6\u00f6ki)<\/p>\n<p>\u00dcrituse kestsus 2 tundi.<br \/>\nInfo saamiseks helista (+372) 55637196 v\u00f5i kirjuta maris.loitmets@artun.ee<\/p>\n","protected":false},"excerpt":{"rendered":"<p>Laste s\u00fcnnip\u00e4evad Oodatud on pisikesed kui ka suuremad lapsed oma s\u00f5pradega. S\u00fcnnip\u00e4eval viime l\u00e4bi v\u00e4ikse meistriklassi, mille k\u00e4igus saab iga\u00fcks meistedada toreda kruusi. (S\u00f6\u00f6gid ja joogid v\u00f5ite ise kaasa v\u00f5tta, vajadusel saab teha v\u00e4ikse peolaua.) T\u00f6\u00f6toas valminud tassid saavad autorid hiljem endale. (Peale \u00fcritust j\u00e4\u00e4vad tassid kuivama, siis p\u00f5letatakse ja glasuuritakse. Kui on valmis saab [&hellip;]<\/p>\n","protected":false},"author":1,"featured_media":0,"parent":0,"menu_order":0,"comment_status":"closed","ping_status":"closed","template":"","meta":{"footnotes":""},"class_list":["post-404","page","type-page","status-publish","hentry"],"_links":{"self":[{"href":"http:\/\/marisloitmets.com\/en\/wp-json\/wp\/v2\/pages\/404","targetHints":{"allow":["GET"]}}],"collection":[{"href":"http:\/\/marisloitmets.com\/en\/wp-json\/wp\/v2\/pages"}],"about":[{"href":"http:\/\/marisloitmets.com\/en\/wp-json\/wp\/v2\/types\/page"}],"author":[{"embeddable":true,"href":"http:\/\/marisloitmets.com\/en\/wp-json\/wp\/v2\/users\/1"}],"replies":[{"embeddable":true,"href":"http:\/\/marisloitmets.com\/en\/wp-json\/wp\/v2\/comments?post=404"}],"version-history":[{"count":0,"href":"http:\/\/marisloitmets.com\/en\/wp-json\/wp\/v2\/pages\/404\/revisions"}],"wp:attachment":[{"href":"http:\/\/marisloitmets.com\/en\/wp-json\/wp\/v2\/media?parent=404"}],"curies":[{"name":"wp","href":"https:\/\/api.w.org\/{rel}","templated":true}]}}