{"id":367,"date":"2012-11-30T19:18:23","date_gmt":"2012-11-30T20:48:23","guid":{"rendered":"http:\/\/marisloitmets.com\/teated-2\/"},"modified":"2016-04-29T10:21:25","modified_gmt":"2016-04-29T11:51:25","slug":"teated","status":"publish","type":"page","link":"http:\/\/marisloitmets.com\/en\/teated\/","title":{"rendered":"Teated eng"},"content":{"rendered":"<p>Ilusat ja loomingulist uut aastat. Taas saab alustada loominguliste toimetustega ja algust teevad ka keraamikakursused. Esimesed keraamikakursused alustavad esmasp\u00e4eval 25. jaanuaril 2016 hommikune tund 11:00 ja \u00f5htune tund 18:00.<br \/>\nEnda k\u00e4tega valmistatud esemel on eriline v\u00e4\u00e4rtus ja j\u00f5ud, millest saab imeline kingitus kogueluks. Kindlasti registreeti kursusele (maris.loitmets@artun.ee).<\/p>\n","protected":false},"excerpt":{"rendered":"<p>Ilusat ja loomingulist uut aastat. Taas saab alustada loominguliste toimetustega ja algust teevad ka keraamikakursused. Esimesed keraamikakursused alustavad esmasp\u00e4eval 25. jaanuaril 2016 hommikune tund 11:00 ja \u00f5htune tund 18:00. Enda k\u00e4tega valmistatud esemel on eriline v\u00e4\u00e4rtus ja j\u00f5ud, millest saab imeline kingitus kogueluks. Kindlasti registreeti kursusele (maris.loitmets@artun.ee).<\/p>\n","protected":false},"author":1,"featured_media":0,"parent":0,"menu_order":0,"comment_status":"closed","ping_status":"closed","template":"","meta":{"footnotes":""},"class_list":["post-367","page","type-page","status-publish","hentry"],"_links":{"self":[{"href":"http:\/\/marisloitmets.com\/en\/wp-json\/wp\/v2\/pages\/367","targetHints":{"allow":["GET"]}}],"collection":[{"href":"http:\/\/marisloitmets.com\/en\/wp-json\/wp\/v2\/pages"}],"about":[{"href":"http:\/\/marisloitmets.com\/en\/wp-json\/wp\/v2\/types\/page"}],"author":[{"embeddable":true,"href":"http:\/\/marisloitmets.com\/en\/wp-json\/wp\/v2\/users\/1"}],"replies":[{"embeddable":true,"href":"http:\/\/marisloitmets.com\/en\/wp-json\/wp\/v2\/comments?post=367"}],"version-history":[{"count":0,"href":"http:\/\/marisloitmets.com\/en\/wp-json\/wp\/v2\/pages\/367\/revisions"}],"wp:attachment":[{"href":"http:\/\/marisloitmets.com\/en\/wp-json\/wp\/v2\/media?parent=367"}],"curies":[{"name":"wp","href":"https:\/\/api.w.org\/{rel}","templated":true}]}}