{"id":359,"date":"2013-01-29T12:29:57","date_gmt":"2013-01-29T13:59:57","guid":{"rendered":"http:\/\/marisloitmets.com\/keraamikakursused-2\/"},"modified":"2016-04-29T10:22:06","modified_gmt":"2016-04-29T11:52:06","slug":"keraamikakursused","status":"publish","type":"page","link":"http:\/\/marisloitmets.com\/en\/keraamikakursused\/","title":{"rendered":"Keraamikakursused eng"},"content":{"rendered":"<h2><a href=\"http:\/\/marisloitmets.com\/wp-content\/uploads\/2013\/01\/Keraamikakursus-2013.jpg\"><img loading=\"lazy\" decoding=\"async\" class=\"size-medium wp-image-188 alignright\" src=\"http:\/\/marisloitmets.com\/wp-content\/uploads\/2013\/01\/Keraamikakursus-2013-200x300.jpg\" alt=\"Keraamikakursus 2013\" width=\"200\" height=\"300\" srcset=\"http:\/\/marisloitmets.com\/wp-content\/uploads\/2013\/01\/Keraamikakursus-2013-200x300.jpg 200w, http:\/\/marisloitmets.com\/wp-content\/uploads\/2013\/01\/Keraamikakursus-2013-682x1024.jpg 682w, http:\/\/marisloitmets.com\/wp-content\/uploads\/2013\/01\/Keraamikakursus-2013-620x930.jpg 620w\" sizes=\"auto, (max-width: 200px) 100vw, 200px\" \/><\/a>Keraamikakursused<\/h2>\n<p>Igan\u00e4dalased kursused on nii suurtele kui v\u00e4ikestele keraamikahuvilistele. Hea v\u00f5imalus valmistada endale midagi isikup\u00e4rast ja toredat. Koju uued kruusid v\u00f5i s\u00f5pradele toredaid kingitusi. Keraamika on tore ja arendav vabaaja veetmise v\u00f5imalus.<br \/>\nKursus kestab 2 tundi. Kursuste jooksul \u00f5pitakse mitmesuguseid p\u00f5nevaid tehnikaid erinevate savide ja glasuuridega.<br \/>\nToimumise ajad:<br \/>\nEsmasp\u00e4eval\u2028 kell 11-13:00 \u2028juhendaja Maris<br \/>\nEsmasp\u00e4eval kell 18-20:00 juhendaja Maris<\/p>\n<p>Hind sisaldab k\u00f5iki vajalikke materjale, juhendamist, p\u00f5letusi ning meeldivat seltskonda.<br \/>\nEelteadmised keraamika valmistamisest pole vajalikud ning kursusega v\u00f5ib liituda igal ajal.<br \/>\nKeraamikaringi 4 korra tasu on 50 eurot.<br \/>\n\u00dche korra tasu 15 eurot.<br \/>\nLaste kursuse 4 korra tasu on 40 eurot.<br \/>\nIndividuaalkursused toimuvad juhendajaga kokkuleppel, kursuse hind on 35 eurot kord.<\/p>\n<p>Osalemisest anna teada helistades telefonil Maris (+372) 55637196 v\u00f5i e-maili teel maris.loitmets@artun.ee<\/p>\n","protected":false},"excerpt":{"rendered":"<p>Keraamikakursused Igan\u00e4dalased kursused on nii suurtele kui v\u00e4ikestele keraamikahuvilistele. Hea v\u00f5imalus valmistada endale midagi isikup\u00e4rast ja toredat. Koju uued kruusid v\u00f5i s\u00f5pradele toredaid kingitusi. Keraamika on tore ja arendav vabaaja veetmise v\u00f5imalus. Kursus kestab 2 tundi. Kursuste jooksul \u00f5pitakse mitmesuguseid p\u00f5nevaid tehnikaid erinevate savide ja glasuuridega. Toimumise ajad: Esmasp\u00e4eval\u2028 kell 11-13:00 \u2028juhendaja Maris Esmasp\u00e4eval kell [&hellip;]<\/p>\n","protected":false},"author":1,"featured_media":0,"parent":0,"menu_order":0,"comment_status":"closed","ping_status":"closed","template":"","meta":{"footnotes":""},"class_list":["post-359","page","type-page","status-publish","hentry"],"_links":{"self":[{"href":"http:\/\/marisloitmets.com\/en\/wp-json\/wp\/v2\/pages\/359","targetHints":{"allow":["GET"]}}],"collection":[{"href":"http:\/\/marisloitmets.com\/en\/wp-json\/wp\/v2\/pages"}],"about":[{"href":"http:\/\/marisloitmets.com\/en\/wp-json\/wp\/v2\/types\/page"}],"author":[{"embeddable":true,"href":"http:\/\/marisloitmets.com\/en\/wp-json\/wp\/v2\/users\/1"}],"replies":[{"embeddable":true,"href":"http:\/\/marisloitmets.com\/en\/wp-json\/wp\/v2\/comments?post=359"}],"version-history":[{"count":0,"href":"http:\/\/marisloitmets.com\/en\/wp-json\/wp\/v2\/pages\/359\/revisions"}],"wp:attachment":[{"href":"http:\/\/marisloitmets.com\/en\/wp-json\/wp\/v2\/media?parent=359"}],"curies":[{"name":"wp","href":"https:\/\/api.w.org\/{rel}","templated":true}]}}