{"id":346,"date":"2013-07-19T09:05:48","date_gmt":"2013-07-19T10:35:48","guid":{"rendered":"http:\/\/marisloitmets.com\/cv-2\/"},"modified":"2016-04-29T10:22:28","modified_gmt":"2016-04-29T11:52:28","slug":"cv","status":"publish","type":"page","link":"http:\/\/marisloitmets.com\/en\/cv\/","title":{"rendered":"CV eng"},"content":{"rendered":"<h2 style=\"text-align: center;\">Curriculum Vitae<\/h2>\n<p><strong>ISIKUANDMED<\/strong><br \/>\n<div class=\"one-third\">Nimi:<br \/>\nS\u00fcnniaeg ja \u2013koht:<br \/>\nEmakeel:<br \/>\nE-post:<br \/>\nTelefoninumber:<br \/>\n<\/div><div class=\"two-third last-column\">Maris Loitmets<br \/>\n21. Detsember 1986, Tallinn<br \/>\nEesti keel<br \/>\nmaris.loitmets@artun.ee<br \/>\n+372 55637196<br \/>\n<\/div><\/p>\n<p><strong>HARIDUSK\u00c4IK<\/strong><br \/>\n<div class=\"one-third\">2013<br \/>\n2010 \u2013 2013<\/p>\n<p>2007 \u2013 2010<\/p>\n<p>2006 \u2013 2007<\/p>\n<p>2003 \u2013 2006<br \/>\n1993 \u2013 2003<br \/>\n<\/div><div class=\"two-third last-column\">HAMK University of Applied Sicences: Erasmus praktika<br \/>\nEesti Kunstiakadeemia<br \/>\nDisaini teaduskond: MA eriala keraamika<br \/>\nEesti Kunstiakadeemia<br \/>\nDisaini teaduskond: BA eriala keraamika<br \/>\nTallinna \u00dclikool<br \/>\nkunsti \u00f5petuse eriala<br \/>\nTallinna J\u00e4rveotsa G\u00fcnaasium<br \/>\nTallinna Pelgulinna G\u00fcmnaasium<br \/>\n<\/div><\/p>\n<p><strong>TEENISTUSK\u00c4IK<\/strong><br \/>\n<div class=\"one-third\">2011 \u2013 &#8230;<br \/>\n2010 \u2013 &#8230;<br \/>\n2010 \u2013 &#8230;<br \/>\n<\/div><div class=\"two-third last-column\">O\u00dc Maris Loitmets, juhatuse liige<br \/>\nSaviklubi, keraamika kursuste juhendaja<br \/>\nHele keraamika ateljee, keraamik ja kursuste korraldamine\/juhendamine<br \/>\n<\/div><\/p>\n<p><strong>N\u00c4ITUSED<\/strong><br \/>\n<div class=\"one-third\">2013<br \/>\n2013<br \/>\n2013<br \/>\n2012<br \/>\n2012<br \/>\n2012<br \/>\n2010<br \/>\n2009<br \/>\n2008<br \/>\n2007<br \/>\n2006<br \/>\n2003<br \/>\n<\/div><div class=\"two-third last-column\">\u201eTaldrikud &#8211; l\u00e4bil\u00f5ige Eesti portselanimaalist\u201d, ETDM<br \/>\n\u201eUus asi\u2019\u2019noor Eesti keraamika, Hop galerii<br \/>\n\u201eTASE\u2019\u2019l\u00f5put\u00f6\u00f6de n\u00e4itus, Arhitektuurimuuseum<br \/>\n\u201eDisainiakadeemia\u201d Riigikogu n\u00e4itusesaal<br \/>\n,,Toit ja N\u00f5u\u2019\u2019 Ungari Instituut<br \/>\n\u201eToit ja N\u00f5u\u2019\u2019 Valga muuseumi galerii<br \/>\n\u201eTallinna Lille festival\u201d Tornide v\u00e4ljak<br \/>\n\u201eKnow How\u201d \u00fcli\u00f5pilast\u00f6\u00f6de n\u00e4itus EKA galerii<br \/>\nKollaa\u017ei meistriklassi n\u00e4itus, Eka galerii<br \/>\nAhne 5. Patarei Kultuuripark (Endine Patarei vangla), Tallinn<br \/>\n\u201eL\u00f5put\u00f6\u00f6de n\u00e4itus\u201d Kaja kultuurikeskus<br \/>\n\u201eL\u00f5put\u00f6\u00f6de n\u00e4itus\u201d Kullo galerii<br \/>\n<\/div><\/p>\n<p><strong>KUULUMINE LIITUDESSE<\/strong><br \/>\n<div class=\"one-third\">2012<br \/>\n<\/div><div class=\"two-third last-column\">Eesti Keraamikute Liit<br \/>\n<\/div><\/p>\n<p><strong>PUBLIKATSIOONID<\/strong><br \/>\n<div class=\"one-third\">2012<br \/>\n2011<br \/>\n2010<br \/>\n<\/div><div class=\"two-third last-column\">veebruar, Pere ja Kodu, \u00fcllatuskink s\u00f5brale, meisterdused<br \/>\nnovember, Pere ja Kodu, portselan ehted ja Igale isale oma kuldmedal<br \/>\nseptember, Kodukiri, Sinised portselan tassid<br \/>\n<\/div><\/p>\n","protected":false},"excerpt":{"rendered":"<p>Curriculum Vitae ISIKUANDMED HARIDUSK\u00c4IK TEENISTUSK\u00c4IK N\u00c4ITUSED KUULUMINE LIITUDESSE PUBLIKATSIOONID<\/p>\n","protected":false},"author":1,"featured_media":0,"parent":0,"menu_order":0,"comment_status":"closed","ping_status":"closed","template":"","meta":{"footnotes":""},"class_list":["post-346","page","type-page","status-publish","hentry"],"_links":{"self":[{"href":"http:\/\/marisloitmets.com\/en\/wp-json\/wp\/v2\/pages\/346","targetHints":{"allow":["GET"]}}],"collection":[{"href":"http:\/\/marisloitmets.com\/en\/wp-json\/wp\/v2\/pages"}],"about":[{"href":"http:\/\/marisloitmets.com\/en\/wp-json\/wp\/v2\/types\/page"}],"author":[{"embeddable":true,"href":"http:\/\/marisloitmets.com\/en\/wp-json\/wp\/v2\/users\/1"}],"replies":[{"embeddable":true,"href":"http:\/\/marisloitmets.com\/en\/wp-json\/wp\/v2\/comments?post=346"}],"version-history":[{"count":0,"href":"http:\/\/marisloitmets.com\/en\/wp-json\/wp\/v2\/pages\/346\/revisions"}],"wp:attachment":[{"href":"http:\/\/marisloitmets.com\/en\/wp-json\/wp\/v2\/media?parent=346"}],"curies":[{"name":"wp","href":"https:\/\/api.w.org\/{rel}","templated":true}]}}